{"id":25,"date":"2020-12-08T03:54:06","date_gmt":"2020-12-08T03:54:06","guid":{"rendered":"https:\/\/gaviaspreview.com\/wp\/sominx\/?page_id=25"},"modified":"2025-10-17T10:54:31","modified_gmt":"2025-10-17T07:54:31","slug":"blog","status":"publish","type":"page","link":"https:\/\/notertasdiklitercume.com\/index.php\/blog\/","title":{"rendered":"Blog"},"content":{"rendered":"\t\t<div data-elementor-type=\"wp-page\" data-elementor-id=\"25\" class=\"elementor elementor-25\">\n\t\t\t\t\t\t<section class=\"elementor-section elementor-top-section elementor-element elementor-element-ce26435 elementor-section-full_width elementor-section-height-default elementor-section-height-default\" data-id=\"ce26435\" data-element_type=\"section\" data-settings=\"{&quot;background_background&quot;:&quot;slideshow&quot;,&quot;background_slideshow_gallery&quot;:[{&quot;id&quot;:1404,&quot;url&quot;:&quot;https:\\\/\\\/gaviaspreview.com\\\/wp\\\/sominx\\\/wp-content\\\/uploads\\\/2022\\\/03\\\/breadcrumb-2.jpg&quot;},{&quot;id&quot;:1008,&quot;url&quot;:&quot;https:\\\/\\\/gaviaspreview.com\\\/wp\\\/sominx\\\/wp-content\\\/uploads\\\/2021\\\/10\\\/breadcrumb.jpg&quot;}],&quot;background_slideshow_ken_burns&quot;:&quot;yes&quot;,&quot;background_slideshow_loop&quot;:&quot;yes&quot;,&quot;background_slideshow_slide_duration&quot;:5000,&quot;background_slideshow_slide_transition&quot;:&quot;fade&quot;,&quot;background_slideshow_transition_duration&quot;:500,&quot;background_slideshow_ken_burns_zoom_direction&quot;:&quot;in&quot;}\">\n\t\t\t\t\t\t\t<div class=\"elementor-background-overlay\"><\/div>\n\t\t\t\t\t\t\t<div class=\"elementor-container elementor-column-gap-default\">\n\t\t\t\t\t<div class=\"elementor-column elementor-col-100 elementor-top-column elementor-element elementor-element-3a6c8e9\" data-id=\"3a6c8e9\" data-element_type=\"column\">\n\t\t\t<div class=\"elementor-widget-wrap elementor-element-populated\">\n\t\t\t\t\t\t<div class=\"elementor-element elementor-element-b341828 elementor-widget elementor-widget-gva_post_breadcrumb\" data-id=\"b341828\" data-element_type=\"widget\" data-widget_type=\"gva_post_breadcrumb.default\">\n\t\t\t\t<div class=\"elementor-widget-container\">\n\t\t\t\t\t<div class=\"gva-element-gva_post_breadcrumb gva-element\">   \r\n<div class=\"post-breadcrumb\">\r\n   <div class=\"custom-breadcrumb \" >\r\n            <div class=\"breadcrumb-main\">\r\n        <div class=\"container\">\r\n          <div class=\"breadcrumb-container-inner\">\r\n            <h2 class=\"heading-title\">Blog<\/h2><ol class=\"breadcrumb\"><li><a href=\"https:\/\/notertasdiklitercume.com\">Home<\/a> <\/li> <li class=\"active\">Sayfa<\/li><\/ol>          <\/div>  \r\n        <\/div>   \r\n      <\/div>  \r\n   <\/div>\r\n<\/div>      \r\n\r\n<\/div>\t\t\t\t<\/div>\n\t\t\t\t<\/div>\n\t\t\t\t\t<\/div>\n\t\t<\/div>\n\t\t\t\t\t<\/div>\n\t\t<\/section>\n\t\t\t\t<section class=\"elementor-section elementor-top-section elementor-element elementor-element-1fbe8dbc elementor-section-boxed elementor-section-height-default elementor-section-height-default\" data-id=\"1fbe8dbc\" data-element_type=\"section\">\n\t\t\t\t\t\t<div class=\"elementor-container elementor-column-gap-default\">\n\t\t\t\t\t<div class=\"elementor-column elementor-col-100 elementor-top-column elementor-element elementor-element-505d4390\" data-id=\"505d4390\" data-element_type=\"column\">\n\t\t\t<div class=\"elementor-widget-wrap elementor-element-populated\">\n\t\t\t\t\t\t<div class=\"elementor-element elementor-element-962a554 elementor-widget elementor-widget-gva-posts\" data-id=\"962a554\" data-element_type=\"widget\" data-widget_type=\"gva-posts.default\">\n\t\t\t\t<div class=\"elementor-widget-container\">\n\t\t\t\t\t<div class=\"gva-element-gva-posts gva-element\">  \r\n  <div class=\"gva-posts-grid clearfix gva-posts\">\r\n\t\t<div class=\"gva-content-items\"> \r\n\t\t  <div class=\"lg-block-grid-3 md-block-grid-3 sm-block-grid-2 xs-block-grid-2 xx-block-grid-1\">\r\n\t\t\t <div class=\"item-columns\">\r\n   <article id=\"post-1865\" class=\"post post-style-1 post-1865 type-post status-publish format-standard has-post-thumbnail hentry category-blog\">\r\n      \r\n      <div class=\"post-thumbnail\">\r\n                     <a href=\"https:\/\/notertasdiklitercume.com\/index.php\/2025\/10\/03\/ankaranin-guvenilir-tercume-merkezi-noter-tasdikli-tercume\/\">\r\n               <img fetchpriority=\"high\" decoding=\"async\" width=\"560\" height=\"420\" src=\"https:\/\/notertasdiklitercume.com\/wp-content\/uploads\/2025\/10\/tercume-burosu-ankara-3-560x420.jpg\" class=\"attachment-post-thumbnail size-post-thumbnail wp-post-image\" alt=\"Ankara\u2019n\u0131n G\u00fcvenilir Terc\u00fcme Merkezi: Noter Tasdikli Terc\u00fcme\" \/>            <\/a>\r\n            \r\n                     <div class=\"entry-date\">\r\n               <span class=\"date\">3 Ekim 2025<\/span>\r\n            <\/div>\r\n               <\/div>\r\n\r\n      <div class=\"entry-content has-thumbnail\">\r\n         <div class=\"content-inner\">\r\n            <div class=\"entry-meta\">\r\n               <div class=\"clearfix meta-inline post-meta-1\"><span class=\"author vcard\"><i class=\"far fa-user-circle\"><\/i>admin<\/span><span class=\"line\">\/<\/span><span class=\"post-comment\"><i class=\"far fa-comments\"><\/i>0 Comments<\/span><\/div>            <\/div> \r\n            <h3 class=\"entry-title\"><a href=\"https:\/\/notertasdiklitercume.com\/index.php\/2025\/10\/03\/ankaranin-guvenilir-tercume-merkezi-noter-tasdikli-tercume\/\" rel=\"bookmark\">Ankara\u2019n\u0131n G\u00fcvenilir Terc\u00fcme Merkezi: Noter Tasdikli Terc\u00fcme<\/a><\/h3>\r\n            \r\n            <div class=\"read-more\">\r\n               <a class=\"btn-read-more\" href=\"https:\/\/notertasdiklitercume.com\/index.php\/2025\/10\/03\/ankaranin-guvenilir-tercume-merkezi-noter-tasdikli-tercume\/\">Read more<i class=\"fas fa-angle-right\"><\/i><\/a>\r\n            <\/div>\r\n         <\/div>\r\n\r\n      <\/div>\r\n   <\/article>   \r\n\r\n  <\/div><div class=\"item-columns\">\r\n   <article id=\"post-1863\" class=\"post post-style-1 post-1863 type-post status-publish format-standard has-post-thumbnail hentry category-blog\">\r\n      \r\n      <div class=\"post-thumbnail\">\r\n                     <a href=\"https:\/\/notertasdiklitercume.com\/index.php\/2025\/10\/03\/noter-tasdikli-tercume-ankaranin-iki-merkezinde-profesyonel-hizmet\/\">\r\n               <img decoding=\"async\" width=\"560\" height=\"420\" src=\"https:\/\/notertasdiklitercume.com\/wp-content\/uploads\/2025\/10\/tercume-burosu-ankara-5-560x420.jpg\" class=\"attachment-post-thumbnail size-post-thumbnail wp-post-image\" alt=\"Noter Tasdikli Terc\u00fcme: Ankara\u2019n\u0131n \u0130ki Merkezinde Profesyonel Hizmet\" \/>            <\/a>\r\n            \r\n                     <div class=\"entry-date\">\r\n               <span class=\"date\">3 Ekim 2025<\/span>\r\n            <\/div>\r\n               <\/div>\r\n\r\n      <div class=\"entry-content has-thumbnail\">\r\n         <div class=\"content-inner\">\r\n            <div class=\"entry-meta\">\r\n               <div class=\"clearfix meta-inline post-meta-1\"><span class=\"author vcard\"><i class=\"far fa-user-circle\"><\/i>admin<\/span><span class=\"line\">\/<\/span><span class=\"post-comment\"><i class=\"far fa-comments\"><\/i>0 Comments<\/span><\/div>            <\/div> \r\n            <h3 class=\"entry-title\"><a href=\"https:\/\/notertasdiklitercume.com\/index.php\/2025\/10\/03\/noter-tasdikli-tercume-ankaranin-iki-merkezinde-profesyonel-hizmet\/\" rel=\"bookmark\">Noter Tasdikli Terc\u00fcme: Ankara\u2019n\u0131n \u0130ki Merkezinde Profesyonel Hizmet<\/a><\/h3>\r\n            \r\n            <div class=\"read-more\">\r\n               <a class=\"btn-read-more\" href=\"https:\/\/notertasdiklitercume.com\/index.php\/2025\/10\/03\/noter-tasdikli-tercume-ankaranin-iki-merkezinde-profesyonel-hizmet\/\">Read more<i class=\"fas fa-angle-right\"><\/i><\/a>\r\n            <\/div>\r\n         <\/div>\r\n\r\n      <\/div>\r\n   <\/article>   \r\n\r\n  <\/div><div class=\"item-columns\">\r\n   <article id=\"post-1860\" class=\"post post-style-1 post-1860 type-post status-publish format-standard has-post-thumbnail hentry category-blog\">\r\n      \r\n      <div class=\"post-thumbnail\">\r\n                     <a href=\"https:\/\/notertasdiklitercume.com\/index.php\/2025\/10\/03\/ankarada-tercume-burolarinin-onemi\/\">\r\n               <img decoding=\"async\" width=\"560\" height=\"420\" src=\"https:\/\/notertasdiklitercume.com\/wp-content\/uploads\/2025\/10\/tercume-burosu-ankara-4-560x420.jpg\" class=\"attachment-post-thumbnail size-post-thumbnail wp-post-image\" alt=\"Ankara\u2019da Terc\u00fcme B\u00fcrolar\u0131n\u0131n \u00d6nemi\" \/>            <\/a>\r\n            \r\n                     <div class=\"entry-date\">\r\n               <span class=\"date\">3 Ekim 2025<\/span>\r\n            <\/div>\r\n               <\/div>\r\n\r\n      <div class=\"entry-content has-thumbnail\">\r\n         <div class=\"content-inner\">\r\n            <div class=\"entry-meta\">\r\n               <div class=\"clearfix meta-inline post-meta-1\"><span class=\"author vcard\"><i class=\"far fa-user-circle\"><\/i>admin<\/span><span class=\"line\">\/<\/span><span class=\"post-comment\"><i class=\"far fa-comments\"><\/i>0 Comments<\/span><\/div>            <\/div> \r\n            <h3 class=\"entry-title\"><a href=\"https:\/\/notertasdiklitercume.com\/index.php\/2025\/10\/03\/ankarada-tercume-burolarinin-onemi\/\" rel=\"bookmark\">Ankara\u2019da Terc\u00fcme B\u00fcrolar\u0131n\u0131n \u00d6nemi<\/a><\/h3>\r\n            \r\n            <div class=\"read-more\">\r\n               <a class=\"btn-read-more\" href=\"https:\/\/notertasdiklitercume.com\/index.php\/2025\/10\/03\/ankarada-tercume-burolarinin-onemi\/\">Read more<i class=\"fas fa-angle-right\"><\/i><\/a>\r\n            <\/div>\r\n         <\/div>\r\n\r\n      <\/div>\r\n   <\/article>   \r\n\r\n  <\/div><div class=\"item-columns\">\r\n   <article id=\"post-1859\" class=\"post post-style-1 post-1859 type-post status-publish format-standard has-post-thumbnail hentry category-blog\">\r\n      \r\n      <div class=\"post-thumbnail\">\r\n                     <a href=\"https:\/\/notertasdiklitercume.com\/index.php\/2025\/10\/03\/yeminli-tercume-ve-noter-onayli-tercume-arasindaki-farklar\/\">\r\n               <img loading=\"lazy\" decoding=\"async\" width=\"560\" height=\"420\" src=\"https:\/\/notertasdiklitercume.com\/wp-content\/uploads\/2025\/10\/tercume-burosu-ankara-7-560x420.jpg\" class=\"attachment-post-thumbnail size-post-thumbnail wp-post-image\" alt=\"Yeminli Terc\u00fcme ve Noter Onayl\u0131 Terc\u00fcme Aras\u0131ndaki Farklar\" \/>            <\/a>\r\n            \r\n                     <div class=\"entry-date\">\r\n               <span class=\"date\">3 Ekim 2025<\/span>\r\n            <\/div>\r\n               <\/div>\r\n\r\n      <div class=\"entry-content has-thumbnail\">\r\n         <div class=\"content-inner\">\r\n            <div class=\"entry-meta\">\r\n               <div class=\"clearfix meta-inline post-meta-1\"><span class=\"author vcard\"><i class=\"far fa-user-circle\"><\/i>admin<\/span><span class=\"line\">\/<\/span><span class=\"post-comment\"><i class=\"far fa-comments\"><\/i>0 Comments<\/span><\/div>            <\/div> \r\n            <h3 class=\"entry-title\"><a href=\"https:\/\/notertasdiklitercume.com\/index.php\/2025\/10\/03\/yeminli-tercume-ve-noter-onayli-tercume-arasindaki-farklar\/\" rel=\"bookmark\">Yeminli Terc\u00fcme ve Noter Onayl\u0131 Terc\u00fcme Aras\u0131ndaki Farklar<\/a><\/h3>\r\n            \r\n            <div class=\"read-more\">\r\n               <a class=\"btn-read-more\" href=\"https:\/\/notertasdiklitercume.com\/index.php\/2025\/10\/03\/yeminli-tercume-ve-noter-onayli-tercume-arasindaki-farklar\/\">Read more<i class=\"fas fa-angle-right\"><\/i><\/a>\r\n            <\/div>\r\n         <\/div>\r\n\r\n      <\/div>\r\n   <\/article>   \r\n\r\n  <\/div><div class=\"item-columns\">\r\n   <article id=\"post-1857\" class=\"post post-style-1 post-1857 type-post status-publish format-standard has-post-thumbnail hentry category-blog\">\r\n      \r\n      <div class=\"post-thumbnail\">\r\n                     <a href=\"https:\/\/notertasdiklitercume.com\/index.php\/2025\/10\/03\/tercume-burosu-nedir-nasil-secilir\/\">\r\n               <img loading=\"lazy\" decoding=\"async\" width=\"560\" height=\"420\" src=\"https:\/\/notertasdiklitercume.com\/wp-content\/uploads\/2025\/10\/tercume-burosu-ankara-9-560x420.jpg\" class=\"attachment-post-thumbnail size-post-thumbnail wp-post-image\" alt=\"Terc\u00fcme B\u00fcrosu Nedir? Nas\u0131l Se\u00e7ilir?\" \/>            <\/a>\r\n            \r\n                     <div class=\"entry-date\">\r\n               <span class=\"date\">3 Ekim 2025<\/span>\r\n            <\/div>\r\n               <\/div>\r\n\r\n      <div class=\"entry-content has-thumbnail\">\r\n         <div class=\"content-inner\">\r\n            <div class=\"entry-meta\">\r\n               <div class=\"clearfix meta-inline post-meta-1\"><span class=\"author vcard\"><i class=\"far fa-user-circle\"><\/i>admin<\/span><span class=\"line\">\/<\/span><span class=\"post-comment\"><i class=\"far fa-comments\"><\/i>0 Comments<\/span><\/div>            <\/div> \r\n            <h3 class=\"entry-title\"><a href=\"https:\/\/notertasdiklitercume.com\/index.php\/2025\/10\/03\/tercume-burosu-nedir-nasil-secilir\/\" rel=\"bookmark\">Terc\u00fcme B\u00fcrosu Nedir? Nas\u0131l Se\u00e7ilir?<\/a><\/h3>\r\n            \r\n            <div class=\"read-more\">\r\n               <a class=\"btn-read-more\" href=\"https:\/\/notertasdiklitercume.com\/index.php\/2025\/10\/03\/tercume-burosu-nedir-nasil-secilir\/\">Read more<i class=\"fas fa-angle-right\"><\/i><\/a>\r\n            <\/div>\r\n         <\/div>\r\n\r\n      <\/div>\r\n   <\/article>   \r\n\r\n  <\/div>\t\t  <\/div>\r\n\t\t<\/div>\r\n\t\t\t\t\t <div class=\"pagination\">\r\n\t\t\t\t  \t\t\t <\/div>\r\n\t\t  <\/div>\r\n  <\/div>\t\t\t\t<\/div>\n\t\t\t\t<\/div>\n\t\t\t\t\t<\/div>\n\t\t<\/div>\n\t\t\t\t\t<\/div>\n\t\t<\/section>\n\t\t\t\t<\/div>\n\t\t","protected":false},"excerpt":{"rendered":"<p>Live Stream From Awwwards Showcasing Trends Home 08 Dec, 2020 admin\/3 Comments A day in the life of entrepreneur &#038; ceo Read more 08 Dec, 2020 admin\/0 Comments Future where [&hellip;]<\/p>\n","protected":false},"author":1,"featured_media":0,"parent":0,"menu_order":0,"comment_status":"closed","ping_status":"closed","template":"","meta":{"footnotes":""},"class_list":["post-25","page","type-page","status-publish","hentry"],"yoast_head":"<!-- This site is optimized with the Yoast SEO plugin v26.0 - https:\/\/yoast.com\/wordpress\/plugins\/seo\/ -->\n<title>Blog - Noter Tasdikli Terc\u00fcme<\/title>\n<meta name=\"robots\" content=\"index, follow, max-snippet:-1, max-image-preview:large, max-video-preview:-1\" \/>\n<link rel=\"canonical\" href=\"https:\/\/notertasdiklitercume.com\/index.php\/blog\/\" \/>\n<meta property=\"og:locale\" content=\"tr_TR\" \/>\n<meta property=\"og:type\" content=\"article\" \/>\n<meta property=\"og:title\" content=\"Blog - Noter Tasdikli Terc\u00fcme\" \/>\n<meta property=\"og:description\" content=\"Live Stream From Awwwards Showcasing Trends Home 08 Dec, 2020 admin\/3 Comments A day in the life of entrepreneur &#038; ceo Read more 08 Dec, 2020 admin\/0 Comments Future where [&hellip;]\" \/>\n<meta property=\"og:url\" content=\"https:\/\/notertasdiklitercume.com\/index.php\/blog\/\" \/>\n<meta property=\"og:site_name\" content=\"Noter Tasdikli Terc\u00fcme\" \/>\n<meta property=\"article:modified_time\" content=\"2025-10-17T07:54:31+00:00\" \/>\n<meta name=\"twitter:card\" content=\"summary_large_image\" \/>\n<script type=\"application\/ld+json\" class=\"yoast-schema-graph\">{\"@context\":\"https:\/\/schema.org\",\"@graph\":[{\"@type\":\"WebPage\",\"@id\":\"https:\/\/notertasdiklitercume.com\/index.php\/blog\/\",\"url\":\"https:\/\/notertasdiklitercume.com\/index.php\/blog\/\",\"name\":\"Blog - Noter Tasdikli Terc\u00fcme\",\"isPartOf\":{\"@id\":\"https:\/\/notertasdiklitercume.com\/#website\"},\"datePublished\":\"2020-12-08T03:54:06+00:00\",\"dateModified\":\"2025-10-17T07:54:31+00:00\",\"breadcrumb\":{\"@id\":\"https:\/\/notertasdiklitercume.com\/index.php\/blog\/#breadcrumb\"},\"inLanguage\":\"tr\",\"potentialAction\":[{\"@type\":\"ReadAction\",\"target\":[\"https:\/\/notertasdiklitercume.com\/index.php\/blog\/\"]}]},{\"@type\":\"BreadcrumbList\",\"@id\":\"https:\/\/notertasdiklitercume.com\/index.php\/blog\/#breadcrumb\",\"itemListElement\":[{\"@type\":\"ListItem\",\"position\":1,\"name\":\"Anasayfa\",\"item\":\"https:\/\/notertasdiklitercume.com\/\"},{\"@type\":\"ListItem\",\"position\":2,\"name\":\"Blog\"}]},{\"@type\":\"WebSite\",\"@id\":\"https:\/\/notertasdiklitercume.com\/#website\",\"url\":\"https:\/\/notertasdiklitercume.com\/\",\"name\":\"Noter Tasdikli Terc\u00fcme\",\"description\":\"Yeminli Terc\u00fcme B\u00fcrosu - K\u0131z\u0131lay Terc\u00fcme B\u00fcrosu\",\"potentialAction\":[{\"@type\":\"SearchAction\",\"target\":{\"@type\":\"EntryPoint\",\"urlTemplate\":\"https:\/\/notertasdiklitercume.com\/?s={search_term_string}\"},\"query-input\":{\"@type\":\"PropertyValueSpecification\",\"valueRequired\":true,\"valueName\":\"search_term_string\"}}],\"inLanguage\":\"tr\"}]}<\/script>\n<!-- \/ Yoast SEO plugin. -->","yoast_head_json":{"title":"Blog - Noter Tasdikli Terc\u00fcme","robots":{"index":"index","follow":"follow","max-snippet":"max-snippet:-1","max-image-preview":"max-image-preview:large","max-video-preview":"max-video-preview:-1"},"canonical":"https:\/\/notertasdiklitercume.com\/index.php\/blog\/","og_locale":"tr_TR","og_type":"article","og_title":"Blog - Noter Tasdikli Terc\u00fcme","og_description":"Live Stream From Awwwards Showcasing Trends Home 08 Dec, 2020 admin\/3 Comments A day in the life of entrepreneur &#038; ceo Read more 08 Dec, 2020 admin\/0 Comments Future where [&hellip;]","og_url":"https:\/\/notertasdiklitercume.com\/index.php\/blog\/","og_site_name":"Noter Tasdikli Terc\u00fcme","article_modified_time":"2025-10-17T07:54:31+00:00","twitter_card":"summary_large_image","schema":{"@context":"https:\/\/schema.org","@graph":[{"@type":"WebPage","@id":"https:\/\/notertasdiklitercume.com\/index.php\/blog\/","url":"https:\/\/notertasdiklitercume.com\/index.php\/blog\/","name":"Blog - Noter Tasdikli Terc\u00fcme","isPartOf":{"@id":"https:\/\/notertasdiklitercume.com\/#website"},"datePublished":"2020-12-08T03:54:06+00:00","dateModified":"2025-10-17T07:54:31+00:00","breadcrumb":{"@id":"https:\/\/notertasdiklitercume.com\/index.php\/blog\/#breadcrumb"},"inLanguage":"tr","potentialAction":[{"@type":"ReadAction","target":["https:\/\/notertasdiklitercume.com\/index.php\/blog\/"]}]},{"@type":"BreadcrumbList","@id":"https:\/\/notertasdiklitercume.com\/index.php\/blog\/#breadcrumb","itemListElement":[{"@type":"ListItem","position":1,"name":"Anasayfa","item":"https:\/\/notertasdiklitercume.com\/"},{"@type":"ListItem","position":2,"name":"Blog"}]},{"@type":"WebSite","@id":"https:\/\/notertasdiklitercume.com\/#website","url":"https:\/\/notertasdiklitercume.com\/","name":"Noter Tasdikli Terc\u00fcme","description":"Yeminli Terc\u00fcme B\u00fcrosu - K\u0131z\u0131lay Terc\u00fcme B\u00fcrosu","potentialAction":[{"@type":"SearchAction","target":{"@type":"EntryPoint","urlTemplate":"https:\/\/notertasdiklitercume.com\/?s={search_term_string}"},"query-input":{"@type":"PropertyValueSpecification","valueRequired":true,"valueName":"search_term_string"}}],"inLanguage":"tr"}]}},"_links":{"self":[{"href":"https:\/\/notertasdiklitercume.com\/index.php\/wp-json\/wp\/v2\/pages\/25","targetHints":{"allow":["GET"]}}],"collection":[{"href":"https:\/\/notertasdiklitercume.com\/index.php\/wp-json\/wp\/v2\/pages"}],"about":[{"href":"https:\/\/notertasdiklitercume.com\/index.php\/wp-json\/wp\/v2\/types\/page"}],"author":[{"embeddable":true,"href":"https:\/\/notertasdiklitercume.com\/index.php\/wp-json\/wp\/v2\/users\/1"}],"replies":[{"embeddable":true,"href":"https:\/\/notertasdiklitercume.com\/index.php\/wp-json\/wp\/v2\/comments?post=25"}],"version-history":[{"count":1,"href":"https:\/\/notertasdiklitercume.com\/index.php\/wp-json\/wp\/v2\/pages\/25\/revisions"}],"predecessor-version":[{"id":1514,"href":"https:\/\/notertasdiklitercume.com\/index.php\/wp-json\/wp\/v2\/pages\/25\/revisions\/1514"}],"wp:attachment":[{"href":"https:\/\/notertasdiklitercume.com\/index.php\/wp-json\/wp\/v2\/media?parent=25"}],"curies":[{"name":"wp","href":"https:\/\/api.w.org\/{rel}","templated":true}]}}