{"id":24,"date":"2020-12-08T03:53:57","date_gmt":"2020-12-08T03:53:57","guid":{"rendered":"https:\/\/gaviaspreview.com\/wp\/sominx\/?page_id=24"},"modified":"2025-10-16T10:35:13","modified_gmt":"2025-10-16T07:35:13","slug":"hakkimizda","status":"publish","type":"page","link":"https:\/\/notertasdiklitercume.com\/index.php\/hakkimizda\/","title":{"rendered":"Hakk\u0131m\u0131zda"},"content":{"rendered":"\t\t<div data-elementor-type=\"wp-page\" data-elementor-id=\"24\" class=\"elementor elementor-24\">\n\t\t\t\t\t\t<section class=\"elementor-section elementor-top-section elementor-element elementor-element-6416ffa elementor-section-full_width elementor-section-height-default elementor-section-height-default\" data-id=\"6416ffa\" data-element_type=\"section\" data-settings=\"{&quot;background_background&quot;:&quot;slideshow&quot;,&quot;background_slideshow_gallery&quot;:[{&quot;id&quot;:1404,&quot;url&quot;:&quot;https:\\\/\\\/gaviaspreview.com\\\/wp\\\/sominx\\\/wp-content\\\/uploads\\\/2022\\\/03\\\/breadcrumb-2.jpg&quot;},{&quot;id&quot;:1008,&quot;url&quot;:&quot;https:\\\/\\\/gaviaspreview.com\\\/wp\\\/sominx\\\/wp-content\\\/uploads\\\/2021\\\/10\\\/breadcrumb.jpg&quot;}],&quot;background_slideshow_ken_burns&quot;:&quot;yes&quot;,&quot;background_slideshow_loop&quot;:&quot;yes&quot;,&quot;background_slideshow_slide_duration&quot;:5000,&quot;background_slideshow_slide_transition&quot;:&quot;fade&quot;,&quot;background_slideshow_transition_duration&quot;:500,&quot;background_slideshow_ken_burns_zoom_direction&quot;:&quot;in&quot;}\">\n\t\t\t\t\t\t\t<div class=\"elementor-background-overlay\"><\/div>\n\t\t\t\t\t\t\t<div class=\"elementor-container elementor-column-gap-default\">\n\t\t\t\t\t<div class=\"elementor-column elementor-col-100 elementor-top-column elementor-element elementor-element-1c68c78\" data-id=\"1c68c78\" data-element_type=\"column\">\n\t\t\t<div class=\"elementor-widget-wrap elementor-element-populated\">\n\t\t\t\t\t\t<div class=\"elementor-element elementor-element-bc13dd8 elementor-widget elementor-widget-gva_post_breadcrumb\" data-id=\"bc13dd8\" data-element_type=\"widget\" data-widget_type=\"gva_post_breadcrumb.default\">\n\t\t\t\t<div class=\"elementor-widget-container\">\n\t\t\t\t\t<div class=\"gva-element-gva_post_breadcrumb gva-element\">   \r\n<div class=\"post-breadcrumb\">\r\n   <div class=\"custom-breadcrumb \" >\r\n            <div class=\"breadcrumb-main\">\r\n        <div class=\"container\">\r\n          <div class=\"breadcrumb-container-inner\">\r\n            <h2 class=\"heading-title\">Hakk\u0131m\u0131zda<\/h2><ol class=\"breadcrumb\"><li><a href=\"https:\/\/notertasdiklitercume.com\">Home<\/a> <\/li> <li class=\"active\">Sayfa<\/li><\/ol>          <\/div>  \r\n        <\/div>   \r\n      <\/div>  \r\n   <\/div>\r\n<\/div>      \r\n\r\n<\/div>\t\t\t\t<\/div>\n\t\t\t\t<\/div>\n\t\t\t\t\t<\/div>\n\t\t<\/div>\n\t\t\t\t\t<\/div>\n\t\t<\/section>\n\t\t\t\t<section class=\"elementor-section elementor-top-section elementor-element elementor-element-362b8db elementor-section-boxed elementor-section-height-default elementor-section-height-default\" data-id=\"362b8db\" data-element_type=\"section\">\n\t\t\t\t\t\t\t<div class=\"elementor-background-overlay\"><\/div>\n\t\t\t\t\t\t\t<div class=\"elementor-container elementor-column-gap-no\">\n\t\t\t\t\t<div class=\"elementor-column elementor-col-50 elementor-top-column elementor-element elementor-element-f943cc2\" data-id=\"f943cc2\" data-element_type=\"column\" data-settings=\"{&quot;background_background&quot;:&quot;classic&quot;}\">\n\t\t\t<div class=\"elementor-widget-wrap elementor-element-populated\">\n\t\t\t\t\t\t<div class=\"elementor-element elementor-element-9a18dca elementor-widget elementor-widget-gva-heading-block\" data-id=\"9a18dca\" data-element_type=\"widget\" data-widget_type=\"gva-heading-block.default\">\n\t\t\t\t<div class=\"elementor-widget-container\">\n\t\t\t\t\t<div class=\"gva-element-gva-heading-block gva-element\">   <div class=\"align-left style-3 widget gsc-heading box-align-left auto-responsive\">\r\n      <div class=\"content-inner\">\r\n         \r\n         \r\n                     <div class=\"sub-title\">\r\n               <span class=\"tagline\">Hakk\u0131m\u0131zda<\/span> \r\n            <\/div>\r\n           \r\n         \r\n                     <h2 class=\"title\">\r\n               <span>NoterTasdikliTercume.com<\/span>\r\n            <\/h2>\r\n                              <div class=\"title-desc\">Onur Terc\u00fcme\u2019nin interaktif alt markas\u0131 olarak, profesyonel terc\u00fcme hizmetlerini dijital ortamda kolay ve h\u0131zl\u0131 bi\u00e7imde eri\u015filebilir hale getirmek amac\u0131yla kurulmu\u015ftur.\nTemelleri 2005 y\u0131l\u0131nda Yeminli Terc\u00fcman H\u00fcseyin Oru\u00e7 taraf\u0131ndan at\u0131lan Onur Terc\u00fcme, bug\u00fcn 20 y\u0131l\u0131 a\u015fk\u0131n tecr\u00fcbesiyle Ankara\u2019n\u0131n en g\u00fcvenilir terc\u00fcme markalar\u0131ndan biri olarak hizmet vermeye devam etmektedir.\n\nNoter Tasdikli Terc\u00fcme, teknolojiyi ve deneyimi bir araya getirerek hem bireysel hem kurumsal m\u00fc\u015fterilerine yeminli terc\u00fcme, noter onayl\u0131 \u00e7eviri, noter tasdikli terc\u00fcme, s\u00f6zl\u00fc terc\u00fcme ve simultane \u00e7eviri alanlar\u0131nda profesyonel \u00e7\u00f6z\u00fcmler sunmaktad\u0131r.\nBug\u00fcne kadar 80\u2019den fazla dilde y\u00fczlerce kurum ve binlerce ki\u015fiye hizmet vermi\u015f olman\u0131n gururunu ta\u015f\u0131yoruz.<\/div>\r\n         \r\n         \r\n      <\/div>\r\n   <\/div>\r\n<\/div>\t\t\t\t<\/div>\n\t\t\t\t<\/div>\n\t\t\t\t<div class=\"elementor-element elementor-element-dcae9b7 elementor-widget elementor-widget-text-editor\" data-id=\"dcae9b7\" data-element_type=\"widget\" data-widget_type=\"text-editor.default\">\n\t\t\t\t\t\t\t\t\t<h2 data-start=\"1221\" data-end=\"1257\">Neden NoterTasdikliTercume.com?<\/h2><p data-start=\"1259\" data-end=\"1515\"><img decoding=\"async\" class=\"emoji\" role=\"img\" draggable=\"false\" src=\"https:\/\/s.w.org\/images\/core\/emoji\/16.0.1\/svg\/2705.svg\" alt=\"\u2705\" \/> 20 y\u0131l\u0131 a\u015fk\u0131n sekt\u00f6r deneyimi ve kurumsal g\u00fcven<br data-start=\"1308\" data-end=\"1311\" \/><img decoding=\"async\" class=\"emoji\" role=\"img\" draggable=\"false\" src=\"https:\/\/s.w.org\/images\/core\/emoji\/16.0.1\/svg\/2705.svg\" alt=\"\u2705\" \/> T\u00fcm dillerde yeminli, noter onayl\u0131 ve tasdikli terc\u00fcme hizmeti<br data-start=\"1375\" data-end=\"1378\" \/><img decoding=\"async\" class=\"emoji\" role=\"img\" draggable=\"false\" src=\"https:\/\/s.w.org\/images\/core\/emoji\/16.0.1\/svg\/2705.svg\" alt=\"\u2705\" \/> Akademik, hukuki, ticari, teknik ve resm\u00ee belgelerde uzman terc\u00fcman kadrosu<br data-start=\"1455\" data-end=\"1458\" \/><img decoding=\"async\" class=\"emoji\" role=\"img\" draggable=\"false\" src=\"https:\/\/s.w.org\/images\/core\/emoji\/16.0.1\/svg\/2705.svg\" alt=\"\u2705\" \/> H\u0131zl\u0131 teslimat, gizlilik prensibi ve kalite garantisi<\/p><h3 data-start=\"1699\" data-end=\"1738\"><span style=\"color: #6f6f6f; font-family: 'Open Sans', sans-serif; font-size: 18px; font-weight: 400;\">Belgenizi bize iletin, dakikalar i\u00e7inde fiyat al\u0131n!\u00a0<\/span><span style=\"color: #6f6f6f; font-family: 'Open Sans', sans-serif; font-size: 18px; font-weight: 400;\">Uzman terc\u00fcmanlar\u0131m\u0131zla do\u011fru, h\u0131zl\u0131 ve noter onay\u0131na haz\u0131r terc\u00fcme \u00e7\u00f6z\u00fcmleri i\u00e7in bizimle hemen ileti\u015fime ge\u00e7in.<\/span><\/h3><p data-start=\"1259\" data-end=\"1515\">\u00a0<\/p>\t\t\t\t\t\t\t\t<\/div>\n\t\t\t\t\t<\/div>\n\t\t<\/div>\n\t\t\t\t<div class=\"elementor-column elementor-col-50 elementor-top-column elementor-element elementor-element-cef27b3\" data-id=\"cef27b3\" data-element_type=\"column\" data-settings=\"{&quot;background_background&quot;:&quot;classic&quot;}\">\n\t\t\t<div class=\"elementor-widget-wrap\">\n\t\t\t\t\t\t\t<\/div>\n\t\t<\/div>\n\t\t\t\t\t<\/div>\n\t\t<\/section>\n\t\t\t\t<section class=\"elementor-section elementor-top-section elementor-element elementor-element-462834a elementor-section-boxed elementor-section-height-default elementor-section-height-default\" data-id=\"462834a\" data-element_type=\"section\" data-settings=\"{&quot;background_background&quot;:&quot;classic&quot;}\">\n\t\t\t\t\t\t\t<div class=\"elementor-background-overlay\"><\/div>\n\t\t\t\t\t\t\t<div class=\"elementor-container elementor-column-gap-default\">\n\t\t\t\t\t<div class=\"elementor-column elementor-col-50 elementor-top-column elementor-element elementor-element-6616e59\" data-id=\"6616e59\" data-element_type=\"column\">\n\t\t\t<div class=\"elementor-widget-wrap elementor-element-populated\">\n\t\t\t\t\t\t<div class=\"elementor-element elementor-element-6eeea09 elementor-widget__width-initial elementor-widget elementor-widget-gva-heading-block\" data-id=\"6eeea09\" data-element_type=\"widget\" data-widget_type=\"gva-heading-block.default\">\n\t\t\t\t<div class=\"elementor-widget-container\">\n\t\t\t\t\t<div class=\"gva-element-gva-heading-block gva-element\">   <div class=\"align-left style-1 widget gsc-heading box-align-left auto-responsive\">\r\n      <div class=\"content-inner\">\r\n         \r\n         \r\n           \r\n         \r\n                     <h2 class=\"title\">\r\n               <span>Terc\u00fcme Hizmetine Hemen Ula\u015f\u0131n<\/span>\r\n            <\/h2>\r\n                  \r\n         \r\n      <\/div>\r\n   <\/div>\r\n<\/div>\t\t\t\t<\/div>\n\t\t\t\t<\/div>\n\t\t\t\t\t<\/div>\n\t\t<\/div>\n\t\t\t\t<div class=\"elementor-column elementor-col-50 elementor-top-column elementor-element elementor-element-f7104bf\" data-id=\"f7104bf\" data-element_type=\"column\">\n\t\t\t<div class=\"elementor-widget-wrap elementor-element-populated\">\n\t\t\t\t\t\t<div class=\"elementor-element elementor-element-74e22dd elementor-widget__width-auto elementor-widget elementor-widget-html\" data-id=\"74e22dd\" data-element_type=\"widget\" data-widget_type=\"html.default\">\n\t\t\t\t\t<a class=\"btn-white\" href=\"https:\/\/notertasdiklitercume.com\/contact\/\" target=\"_blank\">\n    <span class=\"btn-text\">\u0130leti\u015fim<\/span>\n<\/a>\t\t\t\t<\/div>\n\t\t\t\t\t<\/div>\n\t\t<\/div>\n\t\t\t\t\t<\/div>\n\t\t<\/section>\n\t\t\t\t<\/div>\n\t\t","protected":false},"excerpt":{"rendered":"<p>Hakk\u0131m\u0131zda Home Sayfa Hakk\u0131m\u0131zda NoterTasdikliTercume.com Onur Terc\u00fcme\u2019nin interaktif alt markas\u0131 olarak, profesyonel terc\u00fcme hizmetlerini dijital ortamda kolay ve h\u0131zl\u0131 bi\u00e7imde eri\u015filebilir hale getirmek amac\u0131yla kurulmu\u015ftur. Temelleri 2005 y\u0131l\u0131nda Yeminli Terc\u00fcman [&hellip;]<\/p>\n","protected":false},"author":1,"featured_media":0,"parent":0,"menu_order":0,"comment_status":"closed","ping_status":"closed","template":"","meta":{"footnotes":""},"class_list":["post-24","page","type-page","status-publish","hentry"],"yoast_head":"<!-- This site is optimized with the Yoast SEO plugin v26.0 - https:\/\/yoast.com\/wordpress\/plugins\/seo\/ -->\n<title>Hakk\u0131m\u0131zda - Noter Tasdikli Terc\u00fcme<\/title>\n<meta name=\"robots\" content=\"index, follow, max-snippet:-1, max-image-preview:large, max-video-preview:-1\" \/>\n<link rel=\"canonical\" href=\"https:\/\/notertasdiklitercume.com\/index.php\/hakkimizda\/\" \/>\n<meta property=\"og:locale\" content=\"tr_TR\" \/>\n<meta property=\"og:type\" content=\"article\" \/>\n<meta property=\"og:title\" content=\"Hakk\u0131m\u0131zda - Noter Tasdikli Terc\u00fcme\" \/>\n<meta property=\"og:description\" content=\"Hakk\u0131m\u0131zda Home Sayfa Hakk\u0131m\u0131zda NoterTasdikliTercume.com Onur Terc\u00fcme\u2019nin interaktif alt markas\u0131 olarak, profesyonel terc\u00fcme hizmetlerini dijital ortamda kolay ve h\u0131zl\u0131 bi\u00e7imde eri\u015filebilir hale getirmek amac\u0131yla kurulmu\u015ftur. Temelleri 2005 y\u0131l\u0131nda Yeminli Terc\u00fcman [&hellip;]\" \/>\n<meta property=\"og:url\" content=\"https:\/\/notertasdiklitercume.com\/index.php\/hakkimizda\/\" \/>\n<meta property=\"og:site_name\" content=\"Noter Tasdikli Terc\u00fcme\" \/>\n<meta property=\"article:modified_time\" content=\"2025-10-16T07:35:13+00:00\" \/>\n<meta property=\"og:image\" content=\"https:\/\/s.w.org\/images\/core\/emoji\/16.0.1\/svg\/2705.svg\" \/>\n<meta name=\"twitter:card\" content=\"summary_large_image\" \/>\n<meta name=\"twitter:label1\" content=\"Tahmini okuma s\u00fcresi\" \/>\n\t<meta name=\"twitter:data1\" content=\"1 dakika\" \/>\n<script type=\"application\/ld+json\" class=\"yoast-schema-graph\">{\"@context\":\"https:\/\/schema.org\",\"@graph\":[{\"@type\":\"WebPage\",\"@id\":\"https:\/\/notertasdiklitercume.com\/index.php\/hakkimizda\/\",\"url\":\"https:\/\/notertasdiklitercume.com\/index.php\/hakkimizda\/\",\"name\":\"Hakk\u0131m\u0131zda - Noter Tasdikli Terc\u00fcme\",\"isPartOf\":{\"@id\":\"https:\/\/notertasdiklitercume.com\/#website\"},\"primaryImageOfPage\":{\"@id\":\"https:\/\/notertasdiklitercume.com\/index.php\/hakkimizda\/#primaryimage\"},\"image\":{\"@id\":\"https:\/\/notertasdiklitercume.com\/index.php\/hakkimizda\/#primaryimage\"},\"thumbnailUrl\":\"https:\/\/s.w.org\/images\/core\/emoji\/16.0.1\/svg\/2705.svg\",\"datePublished\":\"2020-12-08T03:53:57+00:00\",\"dateModified\":\"2025-10-16T07:35:13+00:00\",\"breadcrumb\":{\"@id\":\"https:\/\/notertasdiklitercume.com\/index.php\/hakkimizda\/#breadcrumb\"},\"inLanguage\":\"tr\",\"potentialAction\":[{\"@type\":\"ReadAction\",\"target\":[\"https:\/\/notertasdiklitercume.com\/index.php\/hakkimizda\/\"]}]},{\"@type\":\"ImageObject\",\"inLanguage\":\"tr\",\"@id\":\"https:\/\/notertasdiklitercume.com\/index.php\/hakkimizda\/#primaryimage\",\"url\":\"https:\/\/s.w.org\/images\/core\/emoji\/16.0.1\/svg\/2705.svg\",\"contentUrl\":\"https:\/\/s.w.org\/images\/core\/emoji\/16.0.1\/svg\/2705.svg\"},{\"@type\":\"BreadcrumbList\",\"@id\":\"https:\/\/notertasdiklitercume.com\/index.php\/hakkimizda\/#breadcrumb\",\"itemListElement\":[{\"@type\":\"ListItem\",\"position\":1,\"name\":\"Anasayfa\",\"item\":\"https:\/\/notertasdiklitercume.com\/\"},{\"@type\":\"ListItem\",\"position\":2,\"name\":\"Hakk\u0131m\u0131zda\"}]},{\"@type\":\"WebSite\",\"@id\":\"https:\/\/notertasdiklitercume.com\/#website\",\"url\":\"https:\/\/notertasdiklitercume.com\/\",\"name\":\"Noter Tasdikli Terc\u00fcme\",\"description\":\"Yeminli Terc\u00fcme B\u00fcrosu - K\u0131z\u0131lay Terc\u00fcme B\u00fcrosu\",\"potentialAction\":[{\"@type\":\"SearchAction\",\"target\":{\"@type\":\"EntryPoint\",\"urlTemplate\":\"https:\/\/notertasdiklitercume.com\/?s={search_term_string}\"},\"query-input\":{\"@type\":\"PropertyValueSpecification\",\"valueRequired\":true,\"valueName\":\"search_term_string\"}}],\"inLanguage\":\"tr\"}]}<\/script>\n<!-- \/ Yoast SEO plugin. -->","yoast_head_json":{"title":"Hakk\u0131m\u0131zda - Noter Tasdikli Terc\u00fcme","robots":{"index":"index","follow":"follow","max-snippet":"max-snippet:-1","max-image-preview":"max-image-preview:large","max-video-preview":"max-video-preview:-1"},"canonical":"https:\/\/notertasdiklitercume.com\/index.php\/hakkimizda\/","og_locale":"tr_TR","og_type":"article","og_title":"Hakk\u0131m\u0131zda - Noter Tasdikli Terc\u00fcme","og_description":"Hakk\u0131m\u0131zda Home Sayfa Hakk\u0131m\u0131zda NoterTasdikliTercume.com Onur Terc\u00fcme\u2019nin interaktif alt markas\u0131 olarak, profesyonel terc\u00fcme hizmetlerini dijital ortamda kolay ve h\u0131zl\u0131 bi\u00e7imde eri\u015filebilir hale getirmek amac\u0131yla kurulmu\u015ftur. Temelleri 2005 y\u0131l\u0131nda Yeminli Terc\u00fcman [&hellip;]","og_url":"https:\/\/notertasdiklitercume.com\/index.php\/hakkimizda\/","og_site_name":"Noter Tasdikli Terc\u00fcme","article_modified_time":"2025-10-16T07:35:13+00:00","og_image":[{"url":"https:\/\/s.w.org\/images\/core\/emoji\/16.0.1\/svg\/2705.svg","type":"","width":"","height":""}],"twitter_card":"summary_large_image","twitter_misc":{"Tahmini okuma s\u00fcresi":"1 dakika"},"schema":{"@context":"https:\/\/schema.org","@graph":[{"@type":"WebPage","@id":"https:\/\/notertasdiklitercume.com\/index.php\/hakkimizda\/","url":"https:\/\/notertasdiklitercume.com\/index.php\/hakkimizda\/","name":"Hakk\u0131m\u0131zda - Noter Tasdikli Terc\u00fcme","isPartOf":{"@id":"https:\/\/notertasdiklitercume.com\/#website"},"primaryImageOfPage":{"@id":"https:\/\/notertasdiklitercume.com\/index.php\/hakkimizda\/#primaryimage"},"image":{"@id":"https:\/\/notertasdiklitercume.com\/index.php\/hakkimizda\/#primaryimage"},"thumbnailUrl":"https:\/\/s.w.org\/images\/core\/emoji\/16.0.1\/svg\/2705.svg","datePublished":"2020-12-08T03:53:57+00:00","dateModified":"2025-10-16T07:35:13+00:00","breadcrumb":{"@id":"https:\/\/notertasdiklitercume.com\/index.php\/hakkimizda\/#breadcrumb"},"inLanguage":"tr","potentialAction":[{"@type":"ReadAction","target":["https:\/\/notertasdiklitercume.com\/index.php\/hakkimizda\/"]}]},{"@type":"ImageObject","inLanguage":"tr","@id":"https:\/\/notertasdiklitercume.com\/index.php\/hakkimizda\/#primaryimage","url":"https:\/\/s.w.org\/images\/core\/emoji\/16.0.1\/svg\/2705.svg","contentUrl":"https:\/\/s.w.org\/images\/core\/emoji\/16.0.1\/svg\/2705.svg"},{"@type":"BreadcrumbList","@id":"https:\/\/notertasdiklitercume.com\/index.php\/hakkimizda\/#breadcrumb","itemListElement":[{"@type":"ListItem","position":1,"name":"Anasayfa","item":"https:\/\/notertasdiklitercume.com\/"},{"@type":"ListItem","position":2,"name":"Hakk\u0131m\u0131zda"}]},{"@type":"WebSite","@id":"https:\/\/notertasdiklitercume.com\/#website","url":"https:\/\/notertasdiklitercume.com\/","name":"Noter Tasdikli Terc\u00fcme","description":"Yeminli Terc\u00fcme B\u00fcrosu - K\u0131z\u0131lay Terc\u00fcme B\u00fcrosu","potentialAction":[{"@type":"SearchAction","target":{"@type":"EntryPoint","urlTemplate":"https:\/\/notertasdiklitercume.com\/?s={search_term_string}"},"query-input":{"@type":"PropertyValueSpecification","valueRequired":true,"valueName":"search_term_string"}}],"inLanguage":"tr"}]}},"_links":{"self":[{"href":"https:\/\/notertasdiklitercume.com\/index.php\/wp-json\/wp\/v2\/pages\/24","targetHints":{"allow":["GET"]}}],"collection":[{"href":"https:\/\/notertasdiklitercume.com\/index.php\/wp-json\/wp\/v2\/pages"}],"about":[{"href":"https:\/\/notertasdiklitercume.com\/index.php\/wp-json\/wp\/v2\/types\/page"}],"author":[{"embeddable":true,"href":"https:\/\/notertasdiklitercume.com\/index.php\/wp-json\/wp\/v2\/users\/1"}],"replies":[{"embeddable":true,"href":"https:\/\/notertasdiklitercume.com\/index.php\/wp-json\/wp\/v2\/comments?post=24"}],"version-history":[{"count":31,"href":"https:\/\/notertasdiklitercume.com\/index.php\/wp-json\/wp\/v2\/pages\/24\/revisions"}],"predecessor-version":[{"id":1981,"href":"https:\/\/notertasdiklitercume.com\/index.php\/wp-json\/wp\/v2\/pages\/24\/revisions\/1981"}],"wp:attachment":[{"href":"https:\/\/notertasdiklitercume.com\/index.php\/wp-json\/wp\/v2\/media?parent=24"}],"curies":[{"name":"wp","href":"https:\/\/api.w.org\/{rel}","templated":true}]}}