{"id":13,"date":"2025-10-02T20:52:41","date_gmt":"2025-10-02T17:52:41","guid":{"rendered":"https:\/\/notertasdiklitercume.com\/?page_id=13"},"modified":"2025-10-16T11:09:55","modified_gmt":"2025-10-16T08:09:55","slug":"sikca-sorulan-sorular","status":"publish","type":"page","link":"https:\/\/notertasdiklitercume.com\/index.php\/sikca-sorulan-sorular\/","title":{"rendered":"S\u0131k\u00e7a Sorulan Sorular"},"content":{"rendered":"\t\t<div data-elementor-type=\"wp-post\" data-elementor-id=\"13\" class=\"elementor elementor-13\">\n\t\t\t\t\t\t<section class=\"elementor-section elementor-top-section elementor-element elementor-element-e4b1bb8 elementor-section-boxed elementor-section-height-default elementor-section-height-default\" data-id=\"e4b1bb8\" data-element_type=\"section\">\n\t\t\t\t\t\t<div class=\"elementor-container elementor-column-gap-default\">\n\t\t\t\t\t<div class=\"elementor-column elementor-col-100 elementor-top-column elementor-element elementor-element-9b6a103\" data-id=\"9b6a103\" data-element_type=\"column\">\n\t\t\t<div class=\"elementor-widget-wrap elementor-element-populated\">\n\t\t\t\t\t\t<div class=\"elementor-element elementor-element-b829542 elementor-widget elementor-widget-text-editor\" data-id=\"b829542\" data-element_type=\"widget\" data-widget_type=\"text-editor.default\">\n\t\t\t\t\t\t\t\t\t<p>Ankara Terc\u00fcme B\u00fcrosu olarak, <strong data-start=\"144\" data-end=\"187\">yeminli terc\u00fcme, noter tasdikli terc\u00fcme<\/strong> ve t\u00fcm \u00e7eviri hizmetlerimizle ilgili m\u00fc\u015fterilerimizin en s\u0131k merak etti\u011fi sorular\u0131 bir araya getirdik. Bu b\u00f6l\u00fcmde, resmi evraklar, akademik ve teknik belgeler, vize ve ikamet ba\u015fvurular\u0131na dair s\u00fcre\u00e7ler, fiyatland\u0131rma, teslim s\u00fcreleri ve online belge g\u00f6nderim se\u00e7enekleri hakk\u0131nda detayl\u0131 bilgi bulabilirsiniz. Amac\u0131m\u0131z, m\u00fc\u015fterilerimizin hizmetlerimizi daha iyi anlamalar\u0131n\u0131 sa\u011flamak ve terc\u00fcme s\u00fcrecinde her ad\u0131mda g\u00fcvenle ilerlemelerine destek olmakt\u0131r. Uzman ekibimiz, belgelerinizin <strong data-start=\"675\" data-end=\"722\">do\u011fru, resmi ve zaman\u0131nda teslim edilmesini<\/strong> her zaman garanti eder.<\/p>\t\t\t\t\t\t\t\t<\/div>\n\t\t\t\t<div class=\"elementor-element elementor-element-039715a elementor-widget__width-initial elementor-widget elementor-widget-accordion\" data-id=\"039715a\" data-element_type=\"widget\" data-widget_type=\"accordion.default\">\n\t\t\t\t\t\t\t<div class=\"elementor-accordion\">\n\t\t\t\t\t\t\t<div class=\"elementor-accordion-item\">\n\t\t\t\t\t<div id=\"elementor-tab-title-3761\" class=\"elementor-tab-title\" data-tab=\"1\" role=\"button\" aria-controls=\"elementor-tab-content-3761\" aria-expanded=\"false\">\n\t\t\t\t\t\t\t\t\t\t\t\t\t<span class=\"elementor-accordion-icon elementor-accordion-icon-right\" aria-hidden=\"true\">\n\t\t\t\t\t\t\t\t\t\t\t\t\t\t\t<span class=\"elementor-accordion-icon-closed\"><i class=\"fas fa-angle-up\"><\/i><\/span>\n\t\t\t\t\t\t\t\t<span class=\"elementor-accordion-icon-opened\"><i class=\"fas fa-angle-down\"><\/i><\/span>\n\t\t\t\t\t\t\t\t\t\t\t\t\t\t<\/span>\n\t\t\t\t\t\t\t\t\t\t\t\t<a class=\"elementor-accordion-title\" tabindex=\"0\">Yeminli terc\u00fcme nedir ve hangi belgeler i\u00e7in gereklidir?<\/a>\n\t\t\t\t\t<\/div>\n\t\t\t\t\t<div id=\"elementor-tab-content-3761\" class=\"elementor-tab-content elementor-clearfix\" data-tab=\"1\" role=\"region\" aria-labelledby=\"elementor-tab-title-3761\"><p>Yeminli terc\u00fcme, resmi kurumlarca kabul edilen, yeminli terc\u00fcman taraf\u0131ndan yap\u0131lan ve noter onay\u0131na uygun terc\u00fcmedir. Diploma, pasaport, vize, mahkeme evraklar\u0131 gibi belgeler i\u00e7in zorunludur.<\/p><\/div>\n\t\t\t\t<\/div>\n\t\t\t\t\t\t\t<div class=\"elementor-accordion-item\">\n\t\t\t\t\t<div id=\"elementor-tab-title-3762\" class=\"elementor-tab-title\" data-tab=\"2\" role=\"button\" aria-controls=\"elementor-tab-content-3762\" aria-expanded=\"false\">\n\t\t\t\t\t\t\t\t\t\t\t\t\t<span class=\"elementor-accordion-icon elementor-accordion-icon-right\" aria-hidden=\"true\">\n\t\t\t\t\t\t\t\t\t\t\t\t\t\t\t<span class=\"elementor-accordion-icon-closed\"><i class=\"fas fa-angle-up\"><\/i><\/span>\n\t\t\t\t\t\t\t\t<span class=\"elementor-accordion-icon-opened\"><i class=\"fas fa-angle-down\"><\/i><\/span>\n\t\t\t\t\t\t\t\t\t\t\t\t\t\t<\/span>\n\t\t\t\t\t\t\t\t\t\t\t\t<a class=\"elementor-accordion-title\" tabindex=\"0\">Noter tasdikli terc\u00fcme ile yeminli terc\u00fcme aras\u0131ndaki fark nedir?<\/a>\n\t\t\t\t\t<\/div>\n\t\t\t\t\t<div id=\"elementor-tab-content-3762\" class=\"elementor-tab-content elementor-clearfix\" data-tab=\"2\" role=\"region\" aria-labelledby=\"elementor-tab-title-3762\"><p>Yeminli terc\u00fcme, terc\u00fcman\u0131n resmi olarak yetkilendirilmi\u015f olmas\u0131d\u0131r. Noter tasdikli terc\u00fcme ise yeminli terc\u00fcme belgesinin noterde onaylanmas\u0131yla resmi ge\u00e7erlilik kazan\u0131r.<\/p><\/div>\n\t\t\t\t<\/div>\n\t\t\t\t\t\t\t<div class=\"elementor-accordion-item\">\n\t\t\t\t\t<div id=\"elementor-tab-title-3763\" class=\"elementor-tab-title\" data-tab=\"3\" role=\"button\" aria-controls=\"elementor-tab-content-3763\" aria-expanded=\"false\">\n\t\t\t\t\t\t\t\t\t\t\t\t\t<span class=\"elementor-accordion-icon elementor-accordion-icon-right\" aria-hidden=\"true\">\n\t\t\t\t\t\t\t\t\t\t\t\t\t\t\t<span class=\"elementor-accordion-icon-closed\"><i class=\"fas fa-angle-up\"><\/i><\/span>\n\t\t\t\t\t\t\t\t<span class=\"elementor-accordion-icon-opened\"><i class=\"fas fa-angle-down\"><\/i><\/span>\n\t\t\t\t\t\t\t\t\t\t\t\t\t\t<\/span>\n\t\t\t\t\t\t\t\t\t\t\t\t<a class=\"elementor-accordion-title\" tabindex=\"0\">Belgelerimi online g\u00f6nderebilir miyim?<\/a>\n\t\t\t\t\t<\/div>\n\t\t\t\t\t<div id=\"elementor-tab-content-3763\" class=\"elementor-tab-content elementor-clearfix\" data-tab=\"3\" role=\"region\" aria-labelledby=\"elementor-tab-title-3763\"><p>Evet, t\u00fcm belgelerinizi dijital ortamda bize iletebilirsiniz. Online g\u00f6nderim sonras\u0131 terc\u00fcme s\u00fcreci ba\u015flat\u0131l\u0131r ve belgeleriniz h\u0131zl\u0131ca haz\u0131rlan\u0131r.<\/p><\/div>\n\t\t\t\t<\/div>\n\t\t\t\t\t\t\t<div class=\"elementor-accordion-item\">\n\t\t\t\t\t<div id=\"elementor-tab-title-3764\" class=\"elementor-tab-title\" data-tab=\"4\" role=\"button\" aria-controls=\"elementor-tab-content-3764\" aria-expanded=\"false\">\n\t\t\t\t\t\t\t\t\t\t\t\t\t<span class=\"elementor-accordion-icon elementor-accordion-icon-right\" aria-hidden=\"true\">\n\t\t\t\t\t\t\t\t\t\t\t\t\t\t\t<span class=\"elementor-accordion-icon-closed\"><i class=\"fas fa-angle-up\"><\/i><\/span>\n\t\t\t\t\t\t\t\t<span class=\"elementor-accordion-icon-opened\"><i class=\"fas fa-angle-down\"><\/i><\/span>\n\t\t\t\t\t\t\t\t\t\t\t\t\t\t<\/span>\n\t\t\t\t\t\t\t\t\t\t\t\t<a class=\"elementor-accordion-title\" tabindex=\"0\">Terc\u00fcme s\u00fcresi ne kadar s\u00fcrer?<\/a>\n\t\t\t\t\t<\/div>\n\t\t\t\t\t<div id=\"elementor-tab-content-3764\" class=\"elementor-tab-content elementor-clearfix\" data-tab=\"4\" role=\"region\" aria-labelledby=\"elementor-tab-title-3764\"><p>Belgelerin t\u00fcr\u00fcne ve say\u0131s\u0131na g\u00f6re de\u011fi\u015fiklik g\u00f6stermekle birlikte, \u00e7o\u011fu resmi belge 1-3 i\u015f g\u00fcn\u00fc i\u00e7erisinde teslim edilmektedir. Acil talepler i\u00e7in h\u0131zland\u0131r\u0131lm\u0131\u015f hizmet de sunulmaktad\u0131r.<\/p><\/div>\n\t\t\t\t<\/div>\n\t\t\t\t\t\t\t<div class=\"elementor-accordion-item\">\n\t\t\t\t\t<div id=\"elementor-tab-title-3765\" class=\"elementor-tab-title\" data-tab=\"5\" role=\"button\" aria-controls=\"elementor-tab-content-3765\" aria-expanded=\"false\">\n\t\t\t\t\t\t\t\t\t\t\t\t\t<span class=\"elementor-accordion-icon elementor-accordion-icon-right\" aria-hidden=\"true\">\n\t\t\t\t\t\t\t\t\t\t\t\t\t\t\t<span class=\"elementor-accordion-icon-closed\"><i class=\"fas fa-angle-up\"><\/i><\/span>\n\t\t\t\t\t\t\t\t<span class=\"elementor-accordion-icon-opened\"><i class=\"fas fa-angle-down\"><\/i><\/span>\n\t\t\t\t\t\t\t\t\t\t\t\t\t\t<\/span>\n\t\t\t\t\t\t\t\t\t\t\t\t<a class=\"elementor-accordion-title\" tabindex=\"0\">Fiyatland\u0131rma nas\u0131l yap\u0131l\u0131r?<\/a>\n\t\t\t\t\t<\/div>\n\t\t\t\t\t<div id=\"elementor-tab-content-3765\" class=\"elementor-tab-content elementor-clearfix\" data-tab=\"5\" role=\"region\" aria-labelledby=\"elementor-tab-title-3765\"><p>Fiyatlar belgenin t\u00fcr\u00fc, dili ve sayfa say\u0131s\u0131na g\u00f6re belirlenir. Net fiyat i\u00e7in belgelerinizi bize iletebilir ve \u00fccretsiz teklif alabilirsiniz.<\/p><\/div>\n\t\t\t\t<\/div>\n\t\t\t\t\t\t\t<div class=\"elementor-accordion-item\">\n\t\t\t\t\t<div id=\"elementor-tab-title-3766\" class=\"elementor-tab-title\" data-tab=\"6\" role=\"button\" aria-controls=\"elementor-tab-content-3766\" aria-expanded=\"false\">\n\t\t\t\t\t\t\t\t\t\t\t\t\t<span class=\"elementor-accordion-icon elementor-accordion-icon-right\" aria-hidden=\"true\">\n\t\t\t\t\t\t\t\t\t\t\t\t\t\t\t<span class=\"elementor-accordion-icon-closed\"><i class=\"fas fa-angle-up\"><\/i><\/span>\n\t\t\t\t\t\t\t\t<span class=\"elementor-accordion-icon-opened\"><i class=\"fas fa-angle-down\"><\/i><\/span>\n\t\t\t\t\t\t\t\t\t\t\t\t\t\t<\/span>\n\t\t\t\t\t\t\t\t\t\t\t\t<a class=\"elementor-accordion-title\" tabindex=\"0\">Teknik ve uzmanl\u0131k gerektiren belgeleri \u00e7eviriyor musunuz?<\/a>\n\t\t\t\t\t<\/div>\n\t\t\t\t\t<div id=\"elementor-tab-content-3766\" class=\"elementor-tab-content elementor-clearfix\" data-tab=\"6\" role=\"region\" aria-labelledby=\"elementor-tab-title-3766\"><p data-start=\"1483\" data-end=\"1664\">Evet, teknik, akademik, hukuki ve ticari belgeler dahil t\u00fcm alanlarda profesyonel terc\u00fcme hizmeti sunuyoruz.<\/p><p data-start=\"1666\" data-end=\"1867\">\u00a0<\/p><\/div>\n\t\t\t\t<\/div>\n\t\t\t\t\t\t\t<div class=\"elementor-accordion-item\">\n\t\t\t\t\t<div id=\"elementor-tab-title-3767\" class=\"elementor-tab-title\" data-tab=\"7\" role=\"button\" aria-controls=\"elementor-tab-content-3767\" aria-expanded=\"false\">\n\t\t\t\t\t\t\t\t\t\t\t\t\t<span class=\"elementor-accordion-icon elementor-accordion-icon-right\" aria-hidden=\"true\">\n\t\t\t\t\t\t\t\t\t\t\t\t\t\t\t<span class=\"elementor-accordion-icon-closed\"><i class=\"fas fa-angle-up\"><\/i><\/span>\n\t\t\t\t\t\t\t\t<span class=\"elementor-accordion-icon-opened\"><i class=\"fas fa-angle-down\"><\/i><\/span>\n\t\t\t\t\t\t\t\t\t\t\t\t\t\t<\/span>\n\t\t\t\t\t\t\t\t\t\t\t\t<a class=\"elementor-accordion-title\" tabindex=\"0\">Belgelerimin gizlili\u011fi nas\u0131l sa\u011flan\u0131r?<\/a>\n\t\t\t\t\t<\/div>\n\t\t\t\t\t<div id=\"elementor-tab-content-3767\" class=\"elementor-tab-content elementor-clearfix\" data-tab=\"7\" role=\"region\" aria-labelledby=\"elementor-tab-title-3767\"><p>Belgeleriniz, g\u00fcvenli dijital altyap\u0131m\u0131z ve gizlilik politikam\u0131z \u00e7er\u00e7evesinde korunur. T\u00fcm terc\u00fcmanlar\u0131m\u0131z gizlilik anla\u015fmas\u0131 kapsam\u0131nda \u00e7al\u0131\u015fmaktad\u0131r.<\/p><\/div>\n\t\t\t\t<\/div>\n\t\t\t\t\t\t\t<div class=\"elementor-accordion-item\">\n\t\t\t\t\t<div id=\"elementor-tab-title-3768\" class=\"elementor-tab-title\" data-tab=\"8\" role=\"button\" aria-controls=\"elementor-tab-content-3768\" aria-expanded=\"false\">\n\t\t\t\t\t\t\t\t\t\t\t\t\t<span class=\"elementor-accordion-icon elementor-accordion-icon-right\" aria-hidden=\"true\">\n\t\t\t\t\t\t\t\t\t\t\t\t\t\t\t<span class=\"elementor-accordion-icon-closed\"><i class=\"fas fa-angle-up\"><\/i><\/span>\n\t\t\t\t\t\t\t\t<span class=\"elementor-accordion-icon-opened\"><i class=\"fas fa-angle-down\"><\/i><\/span>\n\t\t\t\t\t\t\t\t\t\t\t\t\t\t<\/span>\n\t\t\t\t\t\t\t\t\t\t\t\t<a class=\"elementor-accordion-title\" tabindex=\"0\">Teslimat belgeleri nas\u0131l elime ula\u015f\u0131r?<\/a>\n\t\t\t\t\t<\/div>\n\t\t\t\t\t<div id=\"elementor-tab-content-3768\" class=\"elementor-tab-content elementor-clearfix\" data-tab=\"8\" role=\"region\" aria-labelledby=\"elementor-tab-title-3768\"><p data-start=\"2163\" data-end=\"2418\">Belgeleriniz, ister \u015fubelerimizden elden teslim al\u0131nabilir, ister kargo ile adresinize g\u00f6nderilir. Online teslimat se\u00e7enekleri de mevcuttur.<\/p><\/div>\n\t\t\t\t<\/div>\n\t\t\t\t\t\t\t\t<\/div>\n\t\t\t\t\t\t<\/div>\n\t\t\t\t\t<\/div>\n\t\t<\/div>\n\t\t\t\t\t<\/div>\n\t\t<\/section>\n\t\t\t\t<\/div>\n\t\t","protected":false},"excerpt":{"rendered":"<p>Ankara Terc\u00fcme B\u00fcrosu olarak, yeminli terc\u00fcme, noter tasdikli terc\u00fcme ve t\u00fcm \u00e7eviri hizmetlerimizle ilgili m\u00fc\u015fterilerimizin en s\u0131k merak etti\u011fi sorular\u0131 bir araya getirdik. Bu b\u00f6l\u00fcmde, resmi evraklar, akademik ve teknik [&hellip;]<\/p>\n","protected":false},"author":1,"featured_media":0,"parent":0,"menu_order":0,"comment_status":"closed","ping_status":"closed","template":"","meta":{"footnotes":""},"class_list":["post-13","page","type-page","status-publish","hentry"],"yoast_head":"<!-- This site is optimized with the Yoast SEO plugin v26.0 - https:\/\/yoast.com\/wordpress\/plugins\/seo\/ -->\n<title>S\u0131k\u00e7a Sorulan Sorular - Noter Tasdikli Terc\u00fcme<\/title>\n<meta name=\"robots\" content=\"index, follow, max-snippet:-1, max-image-preview:large, max-video-preview:-1\" \/>\n<link rel=\"canonical\" href=\"https:\/\/notertasdiklitercume.com\/index.php\/sikca-sorulan-sorular\/\" \/>\n<meta property=\"og:locale\" content=\"tr_TR\" \/>\n<meta property=\"og:type\" content=\"article\" \/>\n<meta property=\"og:title\" content=\"S\u0131k\u00e7a Sorulan Sorular - Noter Tasdikli Terc\u00fcme\" \/>\n<meta property=\"og:description\" content=\"Ankara Terc\u00fcme B\u00fcrosu olarak, yeminli terc\u00fcme, noter tasdikli terc\u00fcme ve t\u00fcm \u00e7eviri hizmetlerimizle ilgili m\u00fc\u015fterilerimizin en s\u0131k merak etti\u011fi sorular\u0131 bir araya getirdik. Bu b\u00f6l\u00fcmde, resmi evraklar, akademik ve teknik [&hellip;]\" \/>\n<meta property=\"og:url\" content=\"https:\/\/notertasdiklitercume.com\/index.php\/sikca-sorulan-sorular\/\" \/>\n<meta property=\"og:site_name\" content=\"Noter Tasdikli Terc\u00fcme\" \/>\n<meta property=\"article:modified_time\" content=\"2025-10-16T08:09:55+00:00\" \/>\n<meta name=\"twitter:card\" content=\"summary_large_image\" \/>\n<meta name=\"twitter:label1\" content=\"Tahmini okuma s\u00fcresi\" \/>\n\t<meta name=\"twitter:data1\" content=\"2 dakika\" \/>\n<script type=\"application\/ld+json\" class=\"yoast-schema-graph\">{\"@context\":\"https:\/\/schema.org\",\"@graph\":[{\"@type\":\"WebPage\",\"@id\":\"https:\/\/notertasdiklitercume.com\/index.php\/sikca-sorulan-sorular\/\",\"url\":\"https:\/\/notertasdiklitercume.com\/index.php\/sikca-sorulan-sorular\/\",\"name\":\"S\u0131k\u00e7a Sorulan Sorular - Noter Tasdikli Terc\u00fcme\",\"isPartOf\":{\"@id\":\"https:\/\/notertasdiklitercume.com\/#website\"},\"datePublished\":\"2025-10-02T17:52:41+00:00\",\"dateModified\":\"2025-10-16T08:09:55+00:00\",\"breadcrumb\":{\"@id\":\"https:\/\/notertasdiklitercume.com\/index.php\/sikca-sorulan-sorular\/#breadcrumb\"},\"inLanguage\":\"tr\",\"potentialAction\":[{\"@type\":\"ReadAction\",\"target\":[\"https:\/\/notertasdiklitercume.com\/index.php\/sikca-sorulan-sorular\/\"]}]},{\"@type\":\"BreadcrumbList\",\"@id\":\"https:\/\/notertasdiklitercume.com\/index.php\/sikca-sorulan-sorular\/#breadcrumb\",\"itemListElement\":[{\"@type\":\"ListItem\",\"position\":1,\"name\":\"Anasayfa\",\"item\":\"https:\/\/notertasdiklitercume.com\/\"},{\"@type\":\"ListItem\",\"position\":2,\"name\":\"S\u0131k\u00e7a Sorulan Sorular\"}]},{\"@type\":\"WebSite\",\"@id\":\"https:\/\/notertasdiklitercume.com\/#website\",\"url\":\"https:\/\/notertasdiklitercume.com\/\",\"name\":\"Noter Tasdikli Terc\u00fcme\",\"description\":\"Yeminli Terc\u00fcme B\u00fcrosu - K\u0131z\u0131lay Terc\u00fcme B\u00fcrosu\",\"potentialAction\":[{\"@type\":\"SearchAction\",\"target\":{\"@type\":\"EntryPoint\",\"urlTemplate\":\"https:\/\/notertasdiklitercume.com\/?s={search_term_string}\"},\"query-input\":{\"@type\":\"PropertyValueSpecification\",\"valueRequired\":true,\"valueName\":\"search_term_string\"}}],\"inLanguage\":\"tr\"}]}<\/script>\n<!-- \/ Yoast SEO plugin. -->","yoast_head_json":{"title":"S\u0131k\u00e7a Sorulan Sorular - Noter Tasdikli Terc\u00fcme","robots":{"index":"index","follow":"follow","max-snippet":"max-snippet:-1","max-image-preview":"max-image-preview:large","max-video-preview":"max-video-preview:-1"},"canonical":"https:\/\/notertasdiklitercume.com\/index.php\/sikca-sorulan-sorular\/","og_locale":"tr_TR","og_type":"article","og_title":"S\u0131k\u00e7a Sorulan Sorular - Noter Tasdikli Terc\u00fcme","og_description":"Ankara Terc\u00fcme B\u00fcrosu olarak, yeminli terc\u00fcme, noter tasdikli terc\u00fcme ve t\u00fcm \u00e7eviri hizmetlerimizle ilgili m\u00fc\u015fterilerimizin en s\u0131k merak etti\u011fi sorular\u0131 bir araya getirdik. Bu b\u00f6l\u00fcmde, resmi evraklar, akademik ve teknik [&hellip;]","og_url":"https:\/\/notertasdiklitercume.com\/index.php\/sikca-sorulan-sorular\/","og_site_name":"Noter Tasdikli Terc\u00fcme","article_modified_time":"2025-10-16T08:09:55+00:00","twitter_card":"summary_large_image","twitter_misc":{"Tahmini okuma s\u00fcresi":"2 dakika"},"schema":{"@context":"https:\/\/schema.org","@graph":[{"@type":"WebPage","@id":"https:\/\/notertasdiklitercume.com\/index.php\/sikca-sorulan-sorular\/","url":"https:\/\/notertasdiklitercume.com\/index.php\/sikca-sorulan-sorular\/","name":"S\u0131k\u00e7a Sorulan Sorular - Noter Tasdikli Terc\u00fcme","isPartOf":{"@id":"https:\/\/notertasdiklitercume.com\/#website"},"datePublished":"2025-10-02T17:52:41+00:00","dateModified":"2025-10-16T08:09:55+00:00","breadcrumb":{"@id":"https:\/\/notertasdiklitercume.com\/index.php\/sikca-sorulan-sorular\/#breadcrumb"},"inLanguage":"tr","potentialAction":[{"@type":"ReadAction","target":["https:\/\/notertasdiklitercume.com\/index.php\/sikca-sorulan-sorular\/"]}]},{"@type":"BreadcrumbList","@id":"https:\/\/notertasdiklitercume.com\/index.php\/sikca-sorulan-sorular\/#breadcrumb","itemListElement":[{"@type":"ListItem","position":1,"name":"Anasayfa","item":"https:\/\/notertasdiklitercume.com\/"},{"@type":"ListItem","position":2,"name":"S\u0131k\u00e7a Sorulan Sorular"}]},{"@type":"WebSite","@id":"https:\/\/notertasdiklitercume.com\/#website","url":"https:\/\/notertasdiklitercume.com\/","name":"Noter Tasdikli Terc\u00fcme","description":"Yeminli Terc\u00fcme B\u00fcrosu - K\u0131z\u0131lay Terc\u00fcme B\u00fcrosu","potentialAction":[{"@type":"SearchAction","target":{"@type":"EntryPoint","urlTemplate":"https:\/\/notertasdiklitercume.com\/?s={search_term_string}"},"query-input":{"@type":"PropertyValueSpecification","valueRequired":true,"valueName":"search_term_string"}}],"inLanguage":"tr"}]}},"_links":{"self":[{"href":"https:\/\/notertasdiklitercume.com\/index.php\/wp-json\/wp\/v2\/pages\/13","targetHints":{"allow":["GET"]}}],"collection":[{"href":"https:\/\/notertasdiklitercume.com\/index.php\/wp-json\/wp\/v2\/pages"}],"about":[{"href":"https:\/\/notertasdiklitercume.com\/index.php\/wp-json\/wp\/v2\/types\/page"}],"author":[{"embeddable":true,"href":"https:\/\/notertasdiklitercume.com\/index.php\/wp-json\/wp\/v2\/users\/1"}],"replies":[{"embeddable":true,"href":"https:\/\/notertasdiklitercume.com\/index.php\/wp-json\/wp\/v2\/comments?post=13"}],"version-history":[{"count":11,"href":"https:\/\/notertasdiklitercume.com\/index.php\/wp-json\/wp\/v2\/pages\/13\/revisions"}],"predecessor-version":[{"id":2009,"href":"https:\/\/notertasdiklitercume.com\/index.php\/wp-json\/wp\/v2\/pages\/13\/revisions\/2009"}],"wp:attachment":[{"href":"https:\/\/notertasdiklitercume.com\/index.php\/wp-json\/wp\/v2\/media?parent=13"}],"curies":[{"name":"wp","href":"https:\/\/api.w.org\/{rel}","templated":true}]}}